{"id":31,"date":"2020-02-17T10:41:44","date_gmt":"2020-02-17T10:41:44","guid":{"rendered":"http:\/\/xn--psychotherapie-rttcher-9hc.de\/?page_id=31"},"modified":"2026-03-01T14:14:56","modified_gmt":"2026-03-01T14:14:56","slug":"datenschutz","status":"publish","type":"page","link":"https:\/\/xn--psychotherapie-rttcher-9hc.de\/?page_id=31","title":{"rendered":"Datenschutz"},"content":{"rendered":"\n<h2 class=\"wp-block-heading\">1. Datenschutz auf einen Blick<\/h2>\n\n\n\n<h3 class=\"wp-block-heading\">Allgemeine Hinweise<\/h3>\n\n\n\n<p>Die folgenden Hinweise geben einen \neinfachen \u00dcberblick dar\u00fcber, was mit Ihren personenbezogenen Daten \npassiert, wenn Sie diese Website besuchen. Personenbezogene Daten sind \nalle Daten, mit denen Sie pers\u00f6nlich identifiziert werden k\u00f6nnen. \nAusf\u00fchrliche Informationen zum Thema Datenschutz entnehmen Sie unserer \nunter diesem Text aufgef\u00fchrten Datenschutzerkl\u00e4rung.<\/p>\n\n\n\n<h3 class=\"wp-block-heading\">Datenerfassung auf dieser Website<\/h3>\n\n\n\n<p><strong>Wer ist verantwortlich f\u00fcr die Datenerfassung auf dieser Website?<\/strong><\/p>\n\n\n\n<p>Die\n Datenverarbeitung auf dieser Website erfolgt durch den \nWebsitebetreiber. Dessen Kontaktdaten k\u00f6nnen Sie dem Impressum dieser \nWebsite entnehmen.<\/p>\n\n\n\n<p><strong>Wie erfassen wir Ihre Daten?<\/strong><\/p>\n\n\n\n<p>Ihre\n Daten werden zum einen dadurch erhoben, dass Sie uns diese mitteilen. \nHierbei kann es sich z.&nbsp;B. um Daten handeln, die Sie in ein \nKontaktformular eingeben.<\/p>\n\n\n\n<p>Andere Daten werden automatisch oder \nnach Ihrer Einwilligung beim Besuch der Website durch unsere IT-Systeme \nerfasst. Das sind vor allem technische Daten (z.&nbsp;B. Internetbrowser, \nBetriebssystem oder Uhrzeit des Seitenaufrufs). Die Erfassung dieser \nDaten erfolgt automatisch, sobald Sie diese Website betreten.<\/p>\n\n\n\n<p><strong>Wof\u00fcr nutzen wir Ihre Daten?<\/strong><\/p>\n\n\n\n<p>Ein\n Teil der Daten wird erhoben, um eine fehlerfreie Bereitstellung der \nWebsite zu gew\u00e4hrleisten. Andere Daten k\u00f6nnen zur Analyse Ihres \nNutzerverhaltens verwendet werden.<\/p>\n\n\n\n<p><strong>Welche Rechte haben Sie bez\u00fcglich Ihrer Daten?<\/strong><\/p>\n\n\n\n<p>Sie\n haben jederzeit das Recht unentgeltlich Auskunft \u00fcber Herkunft, \nEmpf\u00e4nger und Zweck Ihrer gespeicherten personenbezogenen Daten zu \nerhalten. Sie haben au\u00dferdem ein Recht, die Berichtigung oder L\u00f6schung \ndieser Daten zu verlangen. Wenn Sie eine Einwilligung zur \nDatenverarbeitung erteilt haben, k\u00f6nnen Sie diese Einwilligung jederzeit\n f\u00fcr die Zukunft widerrufen. Au\u00dferdem haben Sie das Recht, unter \nbestimmten Umst\u00e4nden die Einschr\u00e4nkung der Verarbeitung Ihrer \npersonenbezogenen Daten zu verlangen. Des Weiteren steht Ihnen ein \nBeschwerderecht bei der zust\u00e4ndigen Aufsichtsbeh\u00f6rde zu.<\/p>\n\n\n\n<p>Hierzu \nsowie zu weiteren Fragen zum Thema Datenschutz k\u00f6nnen Sie sich jederzeit\n unter der im Impressum angegebenen Adresse an uns wenden.<\/p>\n\n\n\n<h3 class=\"wp-block-heading\">Analyse-Tools und Tools von Drittanbietern<\/h3>\n\n\n\n<p>Beim Besuch \ndieser Website kann Ihr Surf-Verhalten statistisch ausgewertet werden. \nDas geschieht vor allem mit Cookies und mit sogenannten \nAnalyseprogrammen.<\/p>\n\n\n\n<p>Detaillierte Informationen zu diesen Analyseprogrammen finden Sie in der folgenden Datenschutzerkl\u00e4rung.<\/p>\n\n\n\n<h2 class=\"wp-block-heading\">2. Hosting und Content Delivery Networks (CDN)<\/h2>\n\n\n\n<h3 class=\"wp-block-heading\">Externes Hosting<\/h3>\n\n\n\n<p>Diese Website wird bei einem externen \nDienstleister gehostet (Hoster). Die personenbezogenen Daten, die auf \ndieser Website erfasst werden, werden auf den Servern des Hosters \ngespeichert. Hierbei kann es sich v. a. um IP-Adressen, Kontaktanfragen,\n Meta- und Kommunikationsdaten, Vertragsdaten, Kontaktdaten, Namen, \nWebseitenzugriffe und sonstige Daten, die \u00fcber eine Website generiert \nwerden, handeln.<\/p>\n\n\n\n<p>Der Einsatz des Hosters erfolgt zum Zwecke der \nVertragserf\u00fcllung gegen\u00fcber unseren potenziellen und bestehenden Kunden \n(Art. 6 Abs. 1 lit. b DSGVO) und im Interesse einer sicheren, schnellen \nund effizienten Bereitstellung unseres Online-Angebots durch einen \nprofessionellen Anbieter (Art. 6 Abs. 1 lit. f DSGVO).<\/p>\n\n\n\n<p>Unser \nHoster wird Ihre Daten nur insoweit verarbeiten, wie dies zur Erf\u00fcllung \nseiner Leistungspflichten erforderlich ist und unsere Weisungen in Bezug\n auf diese Daten befolgen.<\/p>\n\n\n\n<p><strong>Abschluss eines Vertrages \u00fcber Auftragsverarbeitung<\/strong><\/p>\n\n\n\n<p>Um\n die datenschutzkonforme Verarbeitung zu gew\u00e4hrleisten, haben wir einen \nVertrag \u00fcber Auftragsverarbeitung mit unserem Hoster geschlossen.<\/p>\n\n\n\n<h2 class=\"wp-block-heading\">3. Allgemeine Hinweise und Pflichtinformationen<\/h2>\n\n\n\n<h3 class=\"wp-block-heading\">Datenschutz<\/h3>\n\n\n\n<p>Die Betreiber dieser Seiten nehmen den Schutz \nIhrer pers\u00f6nlichen Daten sehr ernst. Wir behandeln Ihre \npersonenbezogenen Daten vertraulich und entsprechend der gesetzlichen \nDatenschutzvorschriften sowie dieser Datenschutzerkl\u00e4rung.<\/p>\n\n\n\n<p>Wenn \nSie diese Website benutzen, werden verschiedene personenbezogene Daten \nerhoben. Personenbezogene Daten sind Daten, mit denen Sie pers\u00f6nlich \nidentifiziert werden k\u00f6nnen. Die vorliegende Datenschutzerkl\u00e4rung \nerl\u00e4utert, welche Daten wir erheben und wof\u00fcr wir sie nutzen. Sie \nerl\u00e4utert auch, wie und zu welchem Zweck das geschieht.<\/p>\n\n\n\n<p>Wir \nweisen darauf hin, dass die Daten\u00fcbertragung im Internet (z.&nbsp;B. bei der \nKommunikation per E-Mail) Sicherheitsl\u00fccken aufweisen kann. Ein \nl\u00fcckenloser Schutz der Daten vor dem Zugriff durch Dritte ist nicht \nm\u00f6glich.<\/p>\n\n\n\n<h3 class=\"wp-block-heading\">Hinweis zur verantwortlichen Stelle<\/h3>\n\n\n\n<p>Die verantwortliche Stelle f\u00fcr die Datenverarbeitung auf dieser Website ist:<\/p>\n\n\n\n<p>Benjamin R\u00f6ttcher<br><strong>Becklohhof 1<\/strong><\/p>\n\n\n\n<p>59368 Werne<\/p>\n\n\n\n<p>Telefon: 0163\/5453990<br> E-Mail: praxis@psychotherapie-r\u00f6ttcher.de<\/p>\n\n\n\n<p>Verantwortliche Stelle ist die nat\u00fcrliche oder juristische Person, \ndie allein oder gemeinsam mit anderen \u00fcber die Zwecke und Mittel der \nVerarbeitung von personenbezogenen Daten (z.&nbsp;B. Namen, E-Mail-Adressen \no. \u00c4.) entscheidet.<\/p>\n\n\n\n<h3 class=\"wp-block-heading\">Widerruf Ihrer Einwilligung zur Datenverarbeitung<\/h3>\n\n\n\n<p>Viele \nDatenverarbeitungsvorg\u00e4nge sind nur mit Ihrer ausdr\u00fccklichen \nEinwilligung m\u00f6glich. Sie k\u00f6nnen eine bereits erteilte Einwilligung \njederzeit widerrufen. Dazu reicht eine formlose Mitteilung per E-Mail an\n uns. Die Rechtm\u00e4\u00dfigkeit der bis zum Widerruf erfolgten \nDatenverarbeitung bleibt vom Widerruf unber\u00fchrt.<\/p>\n\n\n\n<h3 class=\"wp-block-heading\">Widerspruchsrecht gegen die Datenerhebung in besonderen F\u00e4llen sowie gegen Direktwerbung (Art. 21 DSGVO)<\/h3>\n\n\n\n<p>WENN\n DIE DATENVERARBEITUNG AUF GRUNDLAGE VON ART. 6 ABS. 1 LIT. E ODER F \nDSGVO ERFOLGT, HABEN SIE JEDERZEIT DAS RECHT, AUS GR\u00dcNDEN, DIE SICH AUS \nIHRER BESONDEREN SITUATION ERGEBEN, GEGEN DIE VERARBEITUNG IHRER \nPERSONENBEZOGENEN DATEN WIDERSPRUCH EINZULEGEN; DIES GILT AUCH F\u00dcR EIN \nAUF DIESE BESTIMMUNGEN GEST\u00dcTZTES PROFILING. DIE JEWEILIGE \nRECHTSGRUNDLAGE, AUF DENEN EINE VERARBEITUNG BERUHT, ENTNEHMEN SIE \nDIESER DATENSCHUTZERKL\u00c4RUNG. WENN SIE WIDERSPRUCH EINLEGEN, WERDEN WIR \nIHRE BETROFFENEN PERSONENBEZOGENEN DATEN NICHT MEHR VERARBEITEN, ES SEI \nDENN, WIR K\u00d6NNEN ZWINGENDE SCHUTZW\u00dcRDIGE GR\u00dcNDE F\u00dcR DIE VERARBEITUNG \nNACHWEISEN, DIE IHRE INTERESSEN, RECHTE UND FREIHEITEN \u00dcBERWIEGEN ODER \nDIE VERARBEITUNG DIENT DER GELTENDMACHUNG, AUS\u00dcBUNG ODER VERTEIDIGUNG \nVON RECHTSANSPR\u00dcCHEN (WIDERSPRUCH NACH ART. 21 ABS. 1 DSGVO).<\/p>\n\n\n\n<p>WERDEN\n IHRE PERSONENBEZOGENEN DATEN VERARBEITET, UM DIREKTWERBUNG ZU \nBETREIBEN, SO HABEN SIE DAS RECHT, JEDERZEIT WIDERSPRUCH GEGEN DIE \nVERARBEITUNG SIE BETREFFENDER PERSONENBEZOGENER DATEN ZUM ZWECKE \nDERARTIGER WERBUNG EINZULEGEN; DIES GILT AUCH F\u00dcR DAS PROFILING, SOWEIT \nES MIT SOLCHER DIREKTWERBUNG IN VERBINDUNG STEHT. WENN SIE \nWIDERSPRECHEN, WERDEN IHRE PERSONENBEZOGENEN DATEN ANSCHLIESSEND NICHT \nMEHR ZUM ZWECKE DER DIREKTWERBUNG VERWENDET (WIDERSPRUCH NACH ART. 21 \nABS. 2 DSGVO).<\/p>\n\n\n\n<h3 class=\"wp-block-heading\">Beschwerderecht bei der zust\u00e4ndigen Aufsichtsbeh\u00f6rde<\/h3>\n\n\n\n<p>Im \nFalle von Verst\u00f6\u00dfen gegen die DSGVO steht den Betroffenen ein \nBeschwerderecht bei einer Aufsichtsbeh\u00f6rde, insbesondere in dem \nMitgliedstaat ihres gew\u00f6hnlichen Aufenthalts, ihres Arbeitsplatzes oder \ndes Orts des mutma\u00dflichen Versto\u00dfes zu. Das Beschwerderecht besteht \nunbeschadet anderweitiger verwaltungsrechtlicher oder gerichtlicher \nRechtsbehelfe.<\/p>\n\n\n\n<h3 class=\"wp-block-heading\">Recht auf Daten\u00fcbertragbarkeit<\/h3>\n\n\n\n<p>Sie haben das Recht, Daten, \ndie wir auf Grundlage Ihrer Einwilligung oder in Erf\u00fcllung eines \nVertrags automatisiert verarbeiten, an sich oder an einen Dritten in \neinem g\u00e4ngigen, maschinenlesbaren Format aush\u00e4ndigen zu lassen. Sofern \nSie die direkte \u00dcbertragung der Daten an einen anderen Verantwortlichen \nverlangen, erfolgt dies nur, soweit es technisch machbar ist.<\/p>\n\n\n\n<h3 class=\"wp-block-heading\">SSL- bzw. TLS-Verschl\u00fcsselung<\/h3>\n\n\n\n<p>Diese Seite nutzt aus \nSicherheitsgr\u00fcnden und zum Schutz der \u00dcbertragung vertraulicher Inhalte,\n wie zum Beispiel Bestellungen oder Anfragen, die Sie an uns als \nSeitenbetreiber senden, eine SSL- bzw. TLS-Verschl\u00fcsselung. Eine \nverschl\u00fcsselte Verbindung erkennen Sie daran, dass die Adresszeile des \nBrowsers von \u201ehttp:\/\/\u201c auf \u201ehttps:\/\/\u201c wechselt und an dem Schloss-Symbol\n in Ihrer Browserzeile.<\/p>\n\n\n\n<p>Wenn die SSL- bzw. TLS-Verschl\u00fcsselung \naktiviert ist, k\u00f6nnen die Daten, die Sie an uns \u00fcbermitteln, nicht von \nDritten mitgelesen werden.<\/p>\n\n\n\n<h3 class=\"wp-block-heading\">Auskunft, L\u00f6schung und Berichtigung<\/h3>\n\n\n\n<p>Sie haben im Rahmen der \ngeltenden gesetzlichen Bestimmungen jederzeit das Recht auf \nunentgeltliche Auskunft \u00fcber Ihre gespeicherten personenbezogenen Daten,\n deren Herkunft und Empf\u00e4nger und den Zweck der Datenverarbeitung und \nggf. ein Recht auf Berichtigung oder L\u00f6schung dieser Daten. Hierzu sowie\n zu weiteren Fragen zum Thema personenbezogene Daten k\u00f6nnen Sie sich \njederzeit unter der im Impressum angegebenen Adresse an uns wenden.<\/p>\n\n\n\n<h3 class=\"wp-block-heading\">Recht auf Einschr\u00e4nkung der Verarbeitung<\/h3>\n\n\n\n<p>Sie haben das \nRecht, die Einschr\u00e4nkung der Verarbeitung Ihrer personenbezogenen Daten \nzu verlangen. Hierzu k\u00f6nnen Sie sich jederzeit unter der im Impressum \nangegebenen Adresse an uns wenden. Das Recht auf Einschr\u00e4nkung der \nVerarbeitung besteht in folgenden F\u00e4llen:<\/p>\n\n\n\n<ul class=\"wp-block-list\">\n<li>Wenn Sie die <br>Richtigkeit Ihrer bei uns gespeicherten personenbezogenen Daten <br>bestreiten, ben\u00f6tigen wir in der Regel Zeit, um dies zu \u00fcberpr\u00fcfen. F\u00fcr <br>die Dauer der Pr\u00fcfung haben Sie das Recht, die Einschr\u00e4nkung der <br>Verarbeitung Ihrer personenbezogenen Daten zu verlangen.<\/li>\n\n\n\n<li>Wenn <br>die Verarbeitung Ihrer personenbezogenen Daten unrechtm\u00e4\u00dfig <br>geschah\/geschieht, k\u00f6nnen Sie statt der L\u00f6schung die Einschr\u00e4nkung der <br>Datenverarbeitung verlangen.<\/li>\n\n\n\n<li>Wenn wir Ihre personenbezogenen <br>Daten nicht mehr ben\u00f6tigen, Sie sie jedoch zur Aus\u00fcbung, Verteidigung <br>oder Geltendmachung von Rechtsanspr\u00fcchen ben\u00f6tigen, haben Sie das Recht,<br> statt der L\u00f6schung die Einschr\u00e4nkung der Verarbeitung Ihrer <br>personenbezogenen Daten zu verlangen.<\/li>\n\n\n\n<li>Wenn Sie einen <br>Widerspruch nach Art. 21 Abs. 1 DSGVO eingelegt haben, muss eine <br>Abw\u00e4gung zwischen Ihren und unseren Interessen vorgenommen werden. <br>Solange noch nicht feststeht, wessen Interessen \u00fcberwiegen, haben Sie <br>das Recht, die Einschr\u00e4nkung der Verarbeitung Ihrer personenbezogenen <br>Daten zu verlangen.<\/li>\n<\/ul>\n\n\n\n<p>Wenn Sie die Verarbeitung Ihrer \npersonenbezogenen Daten eingeschr\u00e4nkt haben, d\u00fcrfen diese Daten \u2013 von \nihrer Speicherung abgesehen \u2013 nur mit Ihrer Einwilligung oder zur \nGeltendmachung, Aus\u00fcbung oder Verteidigung von Rechtsanspr\u00fcchen oder zum\n Schutz der Rechte einer anderen nat\u00fcrlichen oder juristischen Person \noder aus Gr\u00fcnden eines wichtigen \u00f6ffentlichen Interesses der \nEurop\u00e4ischen Union oder eines Mitgliedstaats verarbeitet werden.<\/p>\n\n\n\n<h2 class=\"wp-block-heading\">4. Datenerfassung auf dieser Website<\/h2>\n\n\n\n<h3 class=\"wp-block-heading\">Cookies<\/h3>\n\n\n\n<p>Unsere Internetseiten verwenden so genannte \n\u201eCookies\u201c. Cookies sind kleine Textdateien und richten auf Ihrem \nEndger\u00e4t keinen Schaden an. Sie werden entweder vor\u00fcbergehend f\u00fcr die \nDauer einer Sitzung (Session-Cookies) oder dauerhaft (permanente \nCookies) auf Ihrem Endger\u00e4t gespeichert. Session-Cookies werden nach \nEnde Ihres Besuchs automatisch gel\u00f6scht. Permanente Cookies bleiben auf \nIhrem Endger\u00e4t gespeichert bis Sie diese selbst l\u00f6schen&nbsp;oder eine \nautomatische L\u00f6sung durch Ihren Webbrowser erfolgt.<\/p>\n\n\n\n<p>Teilweise \nk\u00f6nnen auch Cookies von Drittunternehmen auf Ihrem Endger\u00e4t gespeichert \nwerden, wenn Sie unsere Seite betreten (Third-Party-Cookies). Diese \nerm\u00f6glichen uns oder Ihnen die Nutzung bestimmter Dienstleistungen des \nDrittunternehmens (z.B. Cookies zur Abwicklung von \nZahlungsdienstleistungen).<\/p>\n\n\n\n<p>Cookies haben verschiedene Funktionen.\n Zahlreiche Cookies sind technisch notwendig, da bestimmte \nWebseitenfunktionen ohne diese nicht funktionieren w\u00fcrden (z.B. die \nWarenkorbfunktion oder die Anzeige von Videos). Andere Cookies dienen \ndazu das Nutzerverhalten auszuwerten&nbsp;oder Werbung anzuzeigen.<\/p>\n\n\n\n<p>Cookies,\n die zur Durchf\u00fchrung des elektronischen Kommunikationsvorgangs \n(notwendige Cookies) oder zur Bereitstellung bestimmter, von Ihnen \nerw\u00fcnschter Funktionen (funktionale Cookies, z. B. f\u00fcr die \nWarenkorbfunktion) oder zur Optimierung der Webseite (z.B. Cookies zur \nMessung des Webpublikums) erforderlich sind, werden auf Grundlage von \nArt. 6 Abs. 1 lit. f DSGVO gespeichert, sofern keine andere \nRechtsgrundlage angegeben wird. Der Websitebetreiber hat ein \nberechtigtes Interesse an der Speicherung von Cookies zur technisch \nfehlerfreien und optimierten Bereitstellung seiner Dienste. Sofern eine \nEinwilligung zur Speicherung von Cookies abgefragt wurde, erfolgt die \nSpeicherung der betreffenden Cookies ausschlie\u00dflich auf Grundlage dieser\n Einwilligung (Art. 6 Abs. 1 lit. a DSGVO); die Einwilligung ist \njederzeit widerrufbar.<\/p>\n\n\n\n<p>Sie k\u00f6nnen Ihren Browser so einstellen, \ndass Sie \u00fcber das Setzen von Cookies informiert werden und Cookies nur \nim Einzelfall erlauben, die Annahme von Cookies f\u00fcr bestimmte F\u00e4lle oder\n generell ausschlie\u00dfen sowie das automatische L\u00f6schen der Cookies beim \nSchlie\u00dfen des Browsers aktivieren. Bei der Deaktivierung von Cookies \nkann die Funktionalit\u00e4t dieser Website eingeschr\u00e4nkt sein.<\/p>\n\n\n\n<p>Soweit\n Cookies von Drittunternehmen oder zu Analysezwecken eingesetzt werden, \nwerden wir Sie hier\u00fcber im Rahmen dieser Datenschutzerkl\u00e4rung gesondert \ninformieren und ggf. eine Einwilligung abfragen.<\/p>\n\n\n\n<h3 class=\"wp-block-heading\">Server-Log-Dateien<\/h3>\n\n\n\n<p>Der Provider der Seiten erhebt und \nspeichert automatisch Informationen in so genannten Server-Log-Dateien, \ndie Ihr Browser automatisch an uns \u00fcbermittelt. Dies sind:<\/p>\n\n\n\n<ul class=\"wp-block-list\">\n<li>Browsertyp und Browserversion<\/li>\n\n\n\n<li>verwendetes Betriebssystem<\/li>\n\n\n\n<li>Referrer URL<\/li>\n\n\n\n<li>Hostname des zugreifenden Rechners<\/li>\n\n\n\n<li>Uhrzeit der Serveranfrage<\/li>\n\n\n\n<li>IP-Adresse<\/li>\n<\/ul>\n\n\n\n<p>Eine Zusammenf\u00fchrung dieser Daten mit anderen Datenquellen wird nicht vorgenommen.<\/p>\n\n\n\n<p>Die\n Erfassung dieser Daten erfolgt auf Grundlage von Art. 6 Abs. 1 lit. f \nDSGVO. Der Websitebetreiber hat ein berechtigtes Interesse an der \ntechnisch fehlerfreien Darstellung und der Optimierung seiner Website \u2013 \nhierzu m\u00fcssen die Server-Log-Files erfasst werden.<\/p>\n\n\n\n<h3 class=\"wp-block-heading\">Anfrage per E-Mail, Telefon oder Telefax<\/h3>\n\n\n\n<p>Wenn Sie uns per \nE-Mail, Telefon oder Telefax kontaktieren, wird Ihre Anfrage inklusive \naller daraus hervorgehenden personenbezogenen Daten (Name, Anfrage) zum \nZwecke der Bearbeitung Ihres Anliegens bei uns gespeichert und \nverarbeitet. Diese Daten geben wir nicht ohne Ihre Einwilligung weiter.<\/p>\n\n\n\n<p>Die\n Verarbeitung dieser Daten erfolgt auf Grundlage von Art. 6 Abs. 1 lit. b\n DSGVO, sofern Ihre Anfrage mit der Erf\u00fcllung eines Vertrags \nzusammenh\u00e4ngt oder zur Durchf\u00fchrung vorvertraglicher Ma\u00dfnahmen \nerforderlich ist. In allen \u00fcbrigen F\u00e4llen beruht die Verarbeitung auf \nunserem berechtigten Interesse an der effektiven Bearbeitung der an uns \ngerichteten Anfragen (Art. 6 Abs. 1 lit. f DSGVO) oder auf Ihrer \nEinwilligung (Art. 6 Abs. 1 lit. a DSGVO) sofern diese abgefragt wurde.<\/p>\n\n\n\n<p>Die\n von Ihnen an uns per Kontaktanfragen \u00fcbersandten Daten verbleiben bei \nuns, bis Sie uns zur L\u00f6schung auffordern, Ihre Einwilligung zur \nSpeicherung widerrufen oder der Zweck f\u00fcr die Datenspeicherung entf\u00e4llt \n(z.&nbsp;B. nach abgeschlossener Bearbeitung Ihres Anliegens). Zwingende \ngesetzliche Bestimmungen \u2013 insbesondere gesetzliche Aufbewahrungsfristen\n \u2013 bleiben unber\u00fchrt.<\/p>\n\n\n\n<h2 class=\"wp-block-heading\">5. Plugins und Tools<\/h2>\n\n\n\n<h3 class=\"wp-block-heading\">Google Web Fonts<\/h3>\n\n\n\n<p>Diese Seite nutzt zur einheitlichen \nDarstellung von Schriftarten so genannte Web Fonts, die von Google \nbereitgestellt werden. Beim Aufruf einer Seite l\u00e4dt Ihr Browser die \nben\u00f6tigten Web Fonts in ihren Browsercache, um Texte und Schriftarten \nkorrekt anzuzeigen.<\/p>\n\n\n\n<p>Zu diesem Zweck muss der von Ihnen verwendete\n Browser Verbindung zu den Servern von Google aufnehmen. Hierdurch \nerlangt Google Kenntnis dar\u00fcber, dass \u00fcber Ihre IP-Adresse diese Website\n aufgerufen wurde. Die Nutzung von Google WebFonts erfolgt auf Grundlage\n von Art. 6 Abs. 1 lit. f DSGVO. Der Webseitenbetreiber hat ein \nberechtigtes Interesse an der einheitlichen Darstellung des \nSchriftbildes auf seiner Webseite. Sofern eine entsprechende \nEinwilligung abgefragt wurde (z. B. eine Einwilligung zur Speicherung \nvon Cookies), erfolgt die Verarbeitung ausschlie\u00dflich auf Grundlage von \nArt. 6 Abs. 1 lit. a DSGVO; die Einwilligung ist jederzeit widerrufbar.<\/p>\n\n\n\n<p>Wenn Ihr Browser Web Fonts nicht unterst\u00fctzt, wird eine Standardschrift von Ihrem Computer genutzt.<\/p>\n\n\n\n<p>Weitere Informationen zu Google Web Fonts finden Sie unter <a href=\"https:\/\/developers.google.com\/fonts\/faq\" target=\"_blank\" rel=\"noreferrer noopener\">https:\/\/developers.google.com\/fonts\/faq<\/a> und in der Datenschutzerkl\u00e4rung von Google: <a href=\"https:\/\/policies.google.com\/privacy?hl=de\" target=\"_blank\" rel=\"noreferrer noopener\">https:\/\/policies.google.com\/privacy?hl=de<\/a>.<\/p>\n\n\n\n<h2 class=\"wp-block-heading\">6. eCommerce und Zahlungsanbieter<\/h2>\n\n\n\n<h3 class=\"wp-block-heading\">Verarbeiten von Daten (Kunden- und Vertragsdaten)<\/h3>\n\n\n\n<p>Wir \nerheben, verarbeiten und nutzen personenbezogene Daten nur, soweit sie \nf\u00fcr die Begr\u00fcndung, inhaltliche Ausgestaltung oder \u00c4nderung des \nRechtsverh\u00e4ltnisses erforderlich sind (Bestandsdaten). Dies erfolgt auf \nGrundlage von Art. 6 Abs. 1 lit. b DSGVO, der die Verarbeitung von Daten\n zur Erf\u00fcllung eines Vertrags oder vorvertraglicher Ma\u00dfnahmen gestattet.\n Personenbezogene Daten \u00fcber die Inanspruchnahme dieser Website \n(Nutzungsdaten) erheben, verarbeiten und nutzen wir nur, soweit dies \nerforderlich ist, um dem Nutzer die Inanspruchnahme des Dienstes zu \nerm\u00f6glichen oder abzurechnen.<\/p>\n\n\n\n<p>Die erhobenen Kundendaten werden \nnach Abschluss des Auftrags oder Beendigung der Gesch\u00e4ftsbeziehung \ngel\u00f6scht. Gesetzliche Aufbewahrungsfristen bleiben unber\u00fchrt.<\/p>\n","protected":false},"excerpt":{"rendered":"<p>1. Datenschutz auf einen Blick Allgemeine Hinweise Die folgenden Hinweise geben einen einfachen \u00dcberblick dar\u00fcber, was mit Ihren personenbezogenen Daten passiert, wenn Sie diese Website besuchen. Personenbezogene Daten sind alle Daten, mit denen Sie pers\u00f6nlich identifiziert werden k\u00f6nnen. Ausf\u00fchrliche Informationen zum Thema Datenschutz entnehmen Sie unserer unter diesem Text aufgef\u00fchrten Datenschutzerkl\u00e4rung. Datenerfassung auf dieser Website [&hellip;]<\/p>\n","protected":false},"author":1,"featured_media":0,"parent":0,"menu_order":5,"comment_status":"closed","ping_status":"closed","template":"","meta":{"footnotes":""},"class_list":["post-31","page","type-page","status-publish","hentry"],"_links":{"self":[{"href":"https:\/\/xn--psychotherapie-rttcher-9hc.de\/index.php?rest_route=\/wp\/v2\/pages\/31","targetHints":{"allow":["GET"]}}],"collection":[{"href":"https:\/\/xn--psychotherapie-rttcher-9hc.de\/index.php?rest_route=\/wp\/v2\/pages"}],"about":[{"href":"https:\/\/xn--psychotherapie-rttcher-9hc.de\/index.php?rest_route=\/wp\/v2\/types\/page"}],"author":[{"embeddable":true,"href":"https:\/\/xn--psychotherapie-rttcher-9hc.de\/index.php?rest_route=\/wp\/v2\/users\/1"}],"replies":[{"embeddable":true,"href":"https:\/\/xn--psychotherapie-rttcher-9hc.de\/index.php?rest_route=%2Fwp%2Fv2%2Fcomments&post=31"}],"version-history":[{"count":2,"href":"https:\/\/xn--psychotherapie-rttcher-9hc.de\/index.php?rest_route=\/wp\/v2\/pages\/31\/revisions"}],"predecessor-version":[{"id":130,"href":"https:\/\/xn--psychotherapie-rttcher-9hc.de\/index.php?rest_route=\/wp\/v2\/pages\/31\/revisions\/130"}],"wp:attachment":[{"href":"https:\/\/xn--psychotherapie-rttcher-9hc.de\/index.php?rest_route=%2Fwp%2Fv2%2Fmedia&parent=31"}],"curies":[{"name":"wp","href":"https:\/\/api.w.org\/{rel}","templated":true}]}}