{"id":29,"date":"2020-02-17T10:33:47","date_gmt":"2020-02-17T10:33:47","guid":{"rendered":"http:\/\/xn--psychotherapie-rttcher-9hc.de\/?page_id=29"},"modified":"2026-03-01T14:07:16","modified_gmt":"2026-03-01T14:07:16","slug":"impressum","status":"publish","type":"page","link":"https:\/\/xn--psychotherapie-rttcher-9hc.de\/?page_id=29","title":{"rendered":"Impressum"},"content":{"rendered":"\n<p><strong>Name und Sitz der Praxis:<\/strong><\/p>\n\n\n\n<p>Praxis f\u00fcr Psychotherapie<br>Dipl.-Psych. Benjamin R\u00f6ttcher, Psychologischer Psychotherapeut<\/p>\n\n\n\n<p>Becklohhof 1<\/p>\n\n\n\n<p>59368 Werne an der Lippe<\/p>\n\n\n\n<p>Telefon: 0163-5453990 (nur in den genannten Zeiten erreichbar!)<\/p>\n\n\n\n<p>KEINE ANTWORTEN AUF MAILS!<\/p>\n\n\n\n<p>Email: praxis@psychotherapie-r\u00f6ttcher.de (ANFRAGEN NUR \u00dcBER TEL. SPRECHSTUNDE! siehe Startseite), MAILS WERDEN NICHT GELESEN\/BEANTWORTET!!<br>Homepage: www.psychotherapie-r\u00f6ttcher.de<\/p>\n\n\n\n<p><strong>Berufsbezeichnung:<\/strong><\/p>\n\n\n\n<p>Diplom-Psychologe und approbierter Psychologischer Psychotherapeut<\/p>\n\n\n\n<p>Der akademische Grad des Diplom-Psychologen wurde am 11.02.2009 von der Westf\u00e4lischen Wilhelms-Universit\u00e4t in M\u00fcnster verliehen.<\/p>\n\n\n\n<p>Die Approbation zum Psychologischen Psychotherapeuten wurde am 06.05.2019 durch die Regierung von Oberbayern verliehen.<\/p>\n\n\n\n<p>Arzt-\/Psychotherapeutenregister-Eintrag Nr. 29412<\/p>\n\n\n\n<p><strong>Zust\u00e4ndige Aufsichtsbeh\u00f6rde:<\/strong><\/p>\n\n\n\n<p>Kassen\u00e4rztliche Vereinigung Westfalen-Lippe (KVWL)<br>Robert-Schimrigk-Str. 4-6<br>44141 Dortmund <\/p>\n\n\n\n<p><strong>Berufsaufsichtsf\u00fchrende Stelle:<\/strong><\/p>\n\n\n\n<p>Psychotherapeutenkammer NRW<br>Willst\u00e4tter Str. 10 <br>40549 D\u00fcsseldorf <\/p>\n\n\n\n<p><strong>Berufsrechtliche Regelungen:<\/strong><\/p>\n\n\n\n<p>Berufsordnung f\u00fcr Psychologische Psychotherapeutinnen und Psychotherapeuten, Psychotherapeutengesetz (PsychThG)<br>Berufshaftpflicht entsprechend der Kammergesetze f\u00fcr Heilberufe besteht.<\/p>\n\n\n\n<p><strong>Urheberrecht:<\/strong><\/p>\n\n\n\n<p>Verantwortlich f\u00fcr die Inhalte und Konzeption der\nWebseite ist Dipl.-Psychologe Benjamin R\u00f6ttcher.<\/p>\n\n\n\n<p><strong>Die Pflichtangaben erfolgen gem\u00e4\u00df folgenden Gesetzen: <\/strong><br>\n\u00a7 6 und \u00a7 7 Teledienstgesetz (TDG)<br>\n\u00a7 4 Abs. 3 Bundesdatenschutzgesetz (BDSG)<br>\n\u00a7 1 BGB-Informationspflichten-Verordnung (BGB-InfoV)<br>\n\u00a7 312c B\u00fcrgerliches Gesetzbuch (BGB)<\/p>\n\n\n\n<p><strong>Haftungsausschluss:<\/strong><\/p>\n\n\n\n<p>1. Inhalt des Onlineangebotes<\/p>\n\n\n\n<p>Ich \u00fcbernehme keinerlei Gew\u00e4hr f\u00fcr die Aktualit\u00e4t,\nKorrektheit, Vollst\u00e4ndigkeit oder Qualit\u00e4t der bereitgestellten Informationen.\nHaftungsanspr\u00fcche gegen mich, die sich auf Sch\u00e4den materieller oder ideeller\nArt beziehen, die durch die Nutzung oder Nichtnutzung der dargebotenen\nInformationen bzw. durch die Nutzung fehlerhafter und unvollst\u00e4ndiger\nInformationen verursacht wurden, sind grunds\u00e4tzlich ausgeschlossen, sofern\nmeinerseits kein nachweislich vors\u00e4tzliches oder grob fahrl\u00e4ssiges Verschulden\nvorliegt. Alle Angebote sind freibleibend und unverbindlich. Ich behalte es mir\nvor, Teile der Seiten oder das gesamte Angebot ohne gesonderte Ank\u00fcndigung zu\nver\u00e4ndern, zu erg\u00e4nzen, zu l\u00f6schen oder die Ver\u00f6ffentlichung zeitweise oder\nendg\u00fcltig einzustellen.<\/p>\n\n\n\n<p>2. Verweise und Links<\/p>\n\n\n\n<p>Bei direkten oder indirekten Verweisen auf fremde\nInternetseiten (&#8222;Links&#8220;), die au\u00dferhalb meines\nVerantwortungsbereiches liegen, w\u00fcrde eine Haftungsverpflichtung ausschlie\u00dflich\nin dem Fall in Kraft treten, in dem ich von den Inhalten Kenntnis habe und es\nmir technisch m\u00f6glich und zumutbar w\u00e4re, die Nutzung im Falle rechtswidriger\nInhalte zu verhindern. Ich erkl\u00e4re daher ausdr\u00fccklich, dass zum Zeitpunkt der\nLinksetzung die entsprechenden verlinkten Seiten frei von illegalen Inhalten\nwaren. Ich habe keinerlei Einfluss auf die aktuelle und zuk\u00fcnftige Gestaltung\nund auf die Inhalte der gelinkten\/verkn\u00fcpften Seiten. Deshalb distanziere ich\nmich ausdr\u00fccklich von allen Inhalten aller gelinkten\/verkn\u00fcpften Seiten, die\nnach der Linksetzung ver\u00e4ndert wurden. Diese Feststellung gilt f\u00fcr alle\ninnerhalb des eigenen Internetangebotes gesetzten Links und Verweise. F\u00fcr\nillegale, fehlerhafte oder unvollst\u00e4ndige Inhalte und insbesondere f\u00fcr Sch\u00e4den,\ndie aus der Nutzung oder Nichtnutzung solcherart dargebotener Informationen\nentstehen, haftet allein der Anbieter der Seite, auf welche verwiesen wurde,\nnicht derjenige, der \u00fcber Links auf die jeweilige Ver\u00f6ffentlichung lediglich\nverweist.<\/p>\n\n\n\n<p>Urheber- und Kennzeichenrecht<\/p>\n\n\n\n<p>Ich bin bestrebt, in allen Publikationen die\nUrheberrechte zu beachten, von mir selbst erstellte Grafiken, Tondokumente,\nVideosequenzen und Texte zu nutzen oder auf lizenzfreie Grafiken, Tondokumente,\nVideosequenzen und Texte zur\u00fcckzugreifen. Alle innerhalb des Internetangebotes\ngenannten und ggf. durch Dritte gesch\u00fctzten Marken- und Warenzeichen\nunterliegen uneingeschr\u00e4nkt den Bestimmungen des jeweils g\u00fcltigen\nKennzeichenrechts und den Besitzrechten der jeweiligen eingetragenen\nEigent\u00fcmer. Aus der blo\u00dfen Nennung ist nicht der Schluss zu ziehen, dass\nMarkenzeichen nicht durch Rechte Dritter gesch\u00fctzt sind! Das Copyright f\u00fcr\nver\u00f6ffentlichte, von mir selbst erstellten Objekten bleibt allein bei mir. Eine\nVervielf\u00e4ltigung oder Verwendung solcher Grafiken, Tondokumente, Videosequenzen\nund Texte in anderen elektronischen oder gedruckten Publikationen ist ohne\nmeine ausdr\u00fcckliche Zustimmung nicht gestattet.<\/p>\n\n\n\n<p>Datenschutz<\/p>\n\n\n\n<p>Sofern Sie innerhalb meines Internetangebotes die\nM\u00f6glichkeit zur Eingabe pers\u00f6nlicher oder gesch\u00e4ftlicher Daten nutzen, so erfolgt\ndieses ausdr\u00fccklich auf Ihrer freiwilligen Basis.<\/p>\n\n\n\n<p>Rechtswirksamkeit dieses Haftungsausschlusses<\/p>\n\n\n\n<p>Dieser Haftungsausschluss ist als Teil des\nInternetangebotes zu betrachten, von dem aus auf diese Seite verwiesen wurde.\nSofern Teile oder einzelne Formulierungen dieses Textes der geltenden\nRechtslage nicht, nicht mehr oder nicht vollst\u00e4ndig entsprechen sollten,\nbleiben die \u00fcbrigen Teile des Dokumentes in ihrem Inhalt und ihrer G\u00fcltigkeit\ndavon unber\u00fchrt.<\/p>\n","protected":false},"excerpt":{"rendered":"<p>Name und Sitz der Praxis: Praxis f\u00fcr PsychotherapieDipl.-Psych. Benjamin R\u00f6ttcher, Psychologischer Psychotherapeut Becklohhof 1 59368 Werne an der Lippe Telefon: 0163-5453990 (nur in den genannten Zeiten erreichbar!) KEINE ANTWORTEN AUF MAILS! Email: praxis@psychotherapie-r\u00f6ttcher.de (ANFRAGEN NUR \u00dcBER TEL. SPRECHSTUNDE! siehe Startseite), MAILS WERDEN NICHT GELESEN\/BEANTWORTET!!Homepage: www.psychotherapie-r\u00f6ttcher.de Berufsbezeichnung: Diplom-Psychologe und approbierter Psychologischer Psychotherapeut Der akademische Grad des [&hellip;]<\/p>\n","protected":false},"author":1,"featured_media":0,"parent":0,"menu_order":5,"comment_status":"closed","ping_status":"closed","template":"","meta":{"footnotes":""},"class_list":["post-29","page","type-page","status-publish","hentry"],"_links":{"self":[{"href":"https:\/\/xn--psychotherapie-rttcher-9hc.de\/index.php?rest_route=\/wp\/v2\/pages\/29","targetHints":{"allow":["GET"]}}],"collection":[{"href":"https:\/\/xn--psychotherapie-rttcher-9hc.de\/index.php?rest_route=\/wp\/v2\/pages"}],"about":[{"href":"https:\/\/xn--psychotherapie-rttcher-9hc.de\/index.php?rest_route=\/wp\/v2\/types\/page"}],"author":[{"embeddable":true,"href":"https:\/\/xn--psychotherapie-rttcher-9hc.de\/index.php?rest_route=\/wp\/v2\/users\/1"}],"replies":[{"embeddable":true,"href":"https:\/\/xn--psychotherapie-rttcher-9hc.de\/index.php?rest_route=%2Fwp%2Fv2%2Fcomments&post=29"}],"version-history":[{"count":9,"href":"https:\/\/xn--psychotherapie-rttcher-9hc.de\/index.php?rest_route=\/wp\/v2\/pages\/29\/revisions"}],"predecessor-version":[{"id":125,"href":"https:\/\/xn--psychotherapie-rttcher-9hc.de\/index.php?rest_route=\/wp\/v2\/pages\/29\/revisions\/125"}],"wp:attachment":[{"href":"https:\/\/xn--psychotherapie-rttcher-9hc.de\/index.php?rest_route=%2Fwp%2Fv2%2Fmedia&parent=29"}],"curies":[{"name":"wp","href":"https:\/\/api.w.org\/{rel}","templated":true}]}}