{"id":25,"date":"2020-02-17T10:14:42","date_gmt":"2020-02-17T10:14:42","guid":{"rendered":"http:\/\/xn--psychotherapie-rttcher-9hc.de\/?page_id=25"},"modified":"2026-03-01T14:04:57","modified_gmt":"2026-03-01T14:04:57","slug":"was-sie-wissen-muessen","status":"publish","type":"page","link":"https:\/\/xn--psychotherapie-rttcher-9hc.de\/?page_id=25","title":{"rendered":"Gut zu wissen&#8230;"},"content":{"rendered":"\n<p><strong>Der Weg zum Psychotherapeuten\u2026<\/strong><\/p>\n\n\n\n<p><em>Grundlegende Informationen zu Ablauf und\nRahmenbedingungen<\/em><\/p>\n\n\n\n<p>Sie haben sich entschlossen in einer f\u00fcr Sie schwierigen\noder gar unertr\u00e4glichen Situation etwas f\u00fcr sich zu tun und Hilfe in Anspruch\nzu nehmen. <\/p>\n\n\n\n<p>Sie sind mit Ihren Problemen nicht allein. Rund ein Drittel\nder deutschen Bev\u00f6lkerung leidet an einer diagnostizierbaren psychischen\nSt\u00f6rung. Eine <strong>Diagnose<\/strong> ist Voraussetzung f\u00fcr eine psychotherapeutische\nBehandlung (daher beginnt jede Therapie mit einer ausf\u00fchrlichen Diagnostik).<\/p>\n\n\n\n<p>Die Krankenkassen zahlen nur Behandlungen mittels der anerkannten <strong>Richtlinienverfahren<\/strong> (Tiefenpsychologisch fundierte Psychotherapie, Psychoanalyse, Verhaltenstherapie, Systemische Therapie).<\/p>\n\n\n\n<p>Die Richtlinienverfahren k\u00f6nnen von unterschiedlichen Berufsgruppen durchgef\u00fchrt werden (Fach\u00e4rzte f\u00fcr Psychiatrie (synonym: Psychiater), \u00c4rztliche Psychotherapeuten, Fach\u00e4rzte f\u00fcr Psychosomatische Medizin und Psychotherapie, Psychologische Psychotherapeuten). Ich bin <strong>Psychologischer Psychotherapeut<\/strong>, d.h. ich habe erst Psychologie (nicht: Medizin) studiert und im Anschluss eine Ausbildung zum Psychotherapeuten absolviert.<\/p>\n\n\n\n<p>Mein Schwerpunktverfahren ist die <strong>Tiefenpsychologisch fundierte\nPsychotherapie:<\/strong><\/p>\n\n\n\n<p>Die Tiefenpsychologisch fundierte Psychotherapie ist wie die\nPsychoanalyse ein psychodynamisches Verfahren. Die Anpassung an Einstellungen\nund Handlungen der Umwelt hat in der Kindheit zu Gewohnheiten der\nSelbstbeschr\u00e4nkung in Wahrnehmung, F\u00fchlen, Denken und Handeln gef\u00fchrt, die\nunbewusst auf gegenw\u00e4rtige Beziehungen \u00fcbertragen werden und dadurch die\nWiederholung der \u201etraumatischen Erfahrung\u201c ausl\u00f6sen k\u00f6nnen. So kann z.B.\njemand, der als Kind viel Verlassenheit erlebt hat, dazu neigen, sich nicht\nvoll auf eine Liebesbeziehung einzulassen, was m\u00f6glicherweise zur Wiederholung\nder gewohnten Verletzung f\u00fchrt, dadurch, dass er wieder verlassen wird, weil\ndie Partnerin den Zweifel des Geliebten an ihrer Treue irgendwann nicht mehr\nertr\u00e4gt. Jeder Patient konstruiert in diesem Sinne seine eigene (Leidens-)\nGeschichte, die (v.a. wenn die Kompensation irgendwann nicht mehr gelingt) eine\nDiagnose mit sich bringt (z.B. eine depressive Symptomatik). Der Patient leidet\nalso in erster Linie unter seiner Pr\u00e4gung (weshalb der Phase der Kindheit eine\nwichtige Rolle zukommt) und der Abwehr (z.B. nichts f\u00fchlen k\u00f6nnen, alles mit\ndem Verstand kontrollieren wollen usw.), in zweiter Linie dann unter der\nReaktion auf die Folgen der Pr\u00e4gung (z.B. Niedergeschlagenheit, also die\nSymptome, die dann die Diagnose begr\u00fcnden). <\/p>\n\n\n\n<p>Die (kognitive) Verhaltenstherapie zielt eher\nl\u00f6sungsorientiert und strukturiert darauf ab erlerntes Verhalten (wozu auch\nGedanken und Gef\u00fchle geh\u00f6ren) zu ver\u00e4ndern. Insbesondere bei Phobien (Stichwort:\nKonfrontation) hat sich diese Form bew\u00e4hrt, ein Ansatz innerhalb der\nVerhaltenstherapie hat sich ebenso bei Pers\u00f6nlichkeitsst\u00f6rungen gut bew\u00e4hrt\n(die Kl\u00e4rungsorientierte Psychotherapie).<\/p>\n\n\n\n<p>Ich biete sowohl Einzeltherapie als auch Gruppentherapie an,\nbeide Verfahren haben Vor- und Nachteile.<\/p>\n\n\n\n<p><strong>Der ZUGANG ZUR AMBULANTEN PSYCHOTHERAPIE (Alternativen\nsind station\u00e4re Therapie (Klinik) oder teilstation\u00e4re Therapie (Tagesklinik))\nl\u00e4uft ausschlie\u00dflich \u00fcber die <\/strong><\/p>\n\n\n\n<p><strong>TELEFONISCHE SPRECHSTUNDE:<\/strong> Es gibt f\u00fcr meine Praxis <strong>nur<\/strong> diesen Zugang (kein Anrufbeantworter, keine Emails, usw.)<\/p>\n\n\n\n<p>In meiner Praxis ist diese<strong> DIENSTAGS VON 11.00 \u2013 14.30 UHR <\/strong><\/p>\n\n\n\n<p><strong>In der Regel sind alle Therapiepl\u00e4tze belegt, sie werden demnach erst einmal auf die Warteliste aufgenommen. Da die Wartezeit auf einen w\u00f6chentlichen Behandlungsplatz lang sein kann, sollten Sie sich bei mehreren Psychotherapeuten auf die Wartelisten setzen lassen (es k\u00f6nnen theoretisch bei jedem Therapeuten Erstgespr\u00e4che erfolgen und absagen k\u00f6nnen Sie immer), so erh\u00f6hen Sie die Chancen irgendwann eingeladen zu werden. Andere Praxen finden sie relativ einfach \u00fcber die Suche der KVWL: <\/strong><\/p>\n\n\n\n<p><a href=\"https:\/\/www.kvwl.de\/earzt\/index.htm\">https:\/\/www.kvwl.de\/earzt\/index.htm<\/a><\/p>\n\n\n\n<p><strong>Diese betreibt ebenso eine Terminservicestelle:<\/strong><\/p>\n\n\n\n<p><a href=\"https:\/\/www.kvwl.de\/patient\/terminservice\/index.htm\">https:\/\/www.kvwl.de\/patient\/terminservice\/index.htm<\/a><\/p>\n\n\n\n<p><strong>In akuten Krisenf\u00e4llen (z.B. bei Suizidgefahr) wenden Sie\nsich bitte schnellstm\u00f6glich an folgenden Stellen:<\/strong><\/p>\n\n\n\n<ul class=\"wp-block-list\">\n<li><strong>Notruf (110)<\/strong><\/li>\n\n\n\n<li><strong>LWL-Klinik f\u00fcr Psychiatrie Dortmund\n(0231\/4503-01)<\/strong><\/li>\n\n\n\n<li><strong>Krisen-Tagesklinik Dortmund (0231\/4503-5455)<\/strong><\/li>\n\n\n\n<li><strong>Krisenzentrum Dortmund (0231\/435077)<\/strong><\/li>\n\n\n\n<li><strong>Telefonseelsorge (0800\/1110111)<\/strong><\/li>\n<\/ul>\n\n\n\n<p><\/p>\n\n\n\n<p>Ich melde mich nur bei Ihnen, wenn ich Ihnen einen Termin f\u00fcr die <strong>(Pers\u00f6nliche) Sprechstunde <\/strong>vergeben kann (dies ist nicht gleichbedeutend mit einem freien Therapieplatz!).<\/p>\n\n\n\n<p>Auf die Sprechstunde folgen dann (2-4) <strong>Probatorische Sitzungen. <\/strong>In dieser Phase kl\u00e4ren Therapeut <em>und<\/em> Patient, ob sie miteinander arbeiten k\u00f6nnen (die therapeutische Beziehung ist der wichtigste \u201eHebel\u201c f\u00fcr eine erfolgreiche Therapie). Der Patient stellt einen <strong>Antrag<\/strong> bei seiner Krankenkasse mit Unterst\u00fctzung des Therapeuten.<\/p>\n\n\n\n<p>Es erfolgt entweder ein Antrag auf Kurzzeittherapie (12 Sitzungen, dann nochmal 12, also 24 Sitzungen) oder Langzeittherapie (60 Sitzungen), eine Verl\u00e4ngerung ist ggf. m\u00f6glich (max. 80 Sitzungen (Gruppe)\/max. 100 Sitzungen (Einzel). Ggf. wird von der Kasse ein Gutachter bestellt, wozu der Therapeut einen Bericht verfassen muss (bei Langzeittherapie immer, bei Kurzzeittherapie in Einzelf\u00e4llen).<\/p>\n\n\n\n<p>F\u00fcr die Sprechstunde und die Probatorischen Sitzungen gen\u00fcgt\ndas Einlesen Ihrer Versichertenkarte. F\u00fcr die <strong>Behandlung<\/strong> muss eine\nBewilligung Ihrer Kasse vorliegen (au\u00dfer wenn eine Krisenintervention\ndurchgef\u00fchrt wird, max. 12 Sitzungen).<\/p>\n\n\n\n<p>Sollten Sie privat oder \u00fcber die Beihilfe versichert sein\nist es dringend erforderlich, dass Sie <em>vor <\/em>der Therapie abkl\u00e4ren\ninwieweit und unter welchen Bedingungen ambulante Psychotherapie erstattet\nwird.<\/p>\n\n\n\n<p>Die Behandlungsbedingungen kl\u00e4re ich mit Ihnen \u00fcber einen\nBehandlungsvertrag (in diesem werden bspw. das Ausfallhonorar oder\nPraxisbesonderheiten erl\u00e4utert).<\/p>\n\n\n\n<p>Alles was Sie mit mir besprechen unterliegt der <strong>Schweigepflicht<\/strong>.\nIhre Daten unterliegen dem <strong>Datenschutz<\/strong> und werden vertraulich behandelt\nund sicher verwahrt.<\/p>\n\n\n\n<p>Bei akuter Fremd- oder Selbstgef\u00e4hrdung (z.B. akuter\nSuizidalit\u00e4t) kann meine Schweigepflicht au\u00dfer Kraft gesetzt werden, so dass es\nm\u00f6glich ist Einweisungen \u00fcber Ordnungskr\u00e4fte vorzunehmen, um den Betroffenen\nbzw. die Betroffenen vor dem Schlimmsten zu bewahren.<\/p>\n\n\n\n<p>Die Behandlung erfolgt sitzend und pers\u00f6nlich, Sitzungen finden w\u00f6chentlich oder zweiw\u00f6chentlich statt und dauern 50 Minuten (Gruppe: 100 Minuten). Eine Behandlung dauert i.d.R. 6 Monate bis 3 Jahre. Ihre Offenheit entscheidet im Wesentlichen \u00fcber den Therapieerfolg, insb. auch ihre Gedanken und Gef\u00fchle gegen\u00fcber mir sind sehr interessant, da hier\u00fcber Inszenierungen ihrer unbewussten \u00dcbertragungsmuster entdeckt und (live) bearbeitet werden k\u00f6nnen. <\/p>\n\n\n\n<p>Sollte eine medikament\u00f6se Behandlung in Betracht kommen wenden Sie sich bitte an einen Psychiater bzw. \u00e4rztlichen Psychotherapeuten (nur \u00c4rzte d\u00fcrfen Medikamente verschreiben).<\/p>\n\n\n\n<p>Psychotherapie kann auch Nebenwirkungen haben: Intensive\nGef\u00fchle, Angst, Konflikte im Umfeld weil Sie sich ver\u00e4ndern usw.<\/p>\n\n\n\n<p><strong><em>Der Einstieg in eine Psychotherapie ist also in der\nRegel mit H\u00fcrden verbunden (insb. f\u00fcr Menschen, die sowieso schon belastet\nsind), bleiben Sie trotzdem am Ball, denn Psychotherapie wirkt nachweislich (in\nder Mehrzahl aller F\u00e4lle) und kann ganz entscheidend dazu beitragen das eigene\nLeben wieder auf Kurs zu bringen!<\/em><\/strong><\/p>\n","protected":false},"excerpt":{"rendered":"<p>Der Weg zum Psychotherapeuten\u2026 Grundlegende Informationen zu Ablauf und Rahmenbedingungen Sie haben sich entschlossen in einer f\u00fcr Sie schwierigen oder gar unertr\u00e4glichen Situation etwas f\u00fcr sich zu tun und Hilfe in Anspruch zu nehmen. Sie sind mit Ihren Problemen nicht allein. Rund ein Drittel der deutschen Bev\u00f6lkerung leidet an einer diagnostizierbaren psychischen St\u00f6rung. Eine Diagnose [&hellip;]<\/p>\n","protected":false},"author":1,"featured_media":0,"parent":0,"menu_order":3,"comment_status":"closed","ping_status":"closed","template":"","meta":{"footnotes":""},"class_list":["post-25","page","type-page","status-publish","hentry"],"_links":{"self":[{"href":"https:\/\/xn--psychotherapie-rttcher-9hc.de\/index.php?rest_route=\/wp\/v2\/pages\/25","targetHints":{"allow":["GET"]}}],"collection":[{"href":"https:\/\/xn--psychotherapie-rttcher-9hc.de\/index.php?rest_route=\/wp\/v2\/pages"}],"about":[{"href":"https:\/\/xn--psychotherapie-rttcher-9hc.de\/index.php?rest_route=\/wp\/v2\/types\/page"}],"author":[{"embeddable":true,"href":"https:\/\/xn--psychotherapie-rttcher-9hc.de\/index.php?rest_route=\/wp\/v2\/users\/1"}],"replies":[{"embeddable":true,"href":"https:\/\/xn--psychotherapie-rttcher-9hc.de\/index.php?rest_route=%2Fwp%2Fv2%2Fcomments&post=25"}],"version-history":[{"count":5,"href":"https:\/\/xn--psychotherapie-rttcher-9hc.de\/index.php?rest_route=\/wp\/v2\/pages\/25\/revisions"}],"predecessor-version":[{"id":122,"href":"https:\/\/xn--psychotherapie-rttcher-9hc.de\/index.php?rest_route=\/wp\/v2\/pages\/25\/revisions\/122"}],"wp:attachment":[{"href":"https:\/\/xn--psychotherapie-rttcher-9hc.de\/index.php?rest_route=%2Fwp%2Fv2%2Fmedia&parent=25"}],"curies":[{"name":"wp","href":"https:\/\/api.w.org\/{rel}","templated":true}]}}