{"id":22,"date":"2020-02-17T10:08:38","date_gmt":"2020-02-17T10:08:38","guid":{"rendered":"http:\/\/xn--psychotherapie-rttcher-9hc.de\/?page_id=22"},"modified":"2026-03-01T14:09:18","modified_gmt":"2026-03-01T14:09:18","slug":"home","status":"publish","type":"page","link":"https:\/\/xn--psychotherapie-rttcher-9hc.de\/","title":{"rendered":"Tiefenpsychologisch fundierte Psychotherapie"},"content":{"rendered":"\n<p><em>Neue Adresse (ab 01.03.2026): Becklohhof 1, Werne<\/em><\/p>\n\n\n\n<p><strong>TERMINE F\u00dcR ERSTGESPR\u00c4CHE WERDEN AUSSCHLIE\u00dfLICH \u00dcBER DIE TELEFONISCHE SPRECHSTUNDE VERGEBEN: <\/strong><\/p>\n\n\n\n<p><strong>DIENSTAGS von 11.00-14.30 Uhr unter 0163-5453990<\/strong><\/p>\n\n\n\n<p>Sie haben sich entschlossen in einer f\u00fcr Sie schwierigen oder gar unertr\u00e4glichen Situation etwas f\u00fcr sich zu tun und Hilfe in Anspruch zu nehmen. <\/p>\n\n\n\n<p>Sie sind mit Ihren Problemen nicht allein. Etwas mehr als 1\/4 der deutschen Bev\u00f6lkerung leidet jedes Jahr an einer diagnostizierbaren psychischen St\u00f6rung. Eine <strong>Diagnose<\/strong> ist Voraussetzung f\u00fcr eine psychotherapeutische Behandlung.<\/p>\n\n\n\n<p>Generell l\u00e4uft <strong>d<\/strong><b>er ZUGANG ZUR AMBULANTEN PSYCHOTHERAPIE (Alternativen sind station\u00e4re Therapie (Klinik) oder teilstation\u00e4re Therapie (Tagesklinik)) \u00fcber die <\/b><\/p>\n\n\n\n<p><strong>TELEFONISCHE SPRECHSTUNDE:<\/strong><br>In meiner Praxis ist diese <strong>DIENSTAGS VON 11.00 \u2013 14.30 UHR <\/strong><br><a href=\"http:\/\/xn--psychotherapie-rttcher-9hc.de\/?page_id=25\">Ausf\u00fchrliche Informationen finden Sie hier.<\/a><\/p>\n\n\n\n<figure class=\"wp-block-image size-full\"><img loading=\"lazy\" decoding=\"async\" width=\"610\" height=\"150\" src=\"https:\/\/xn--psychotherapie-rttcher-9hc.de\/wp-content\/uploads\/2020\/02\/header_web.png\" alt=\"Logo Benjamin R\u00f6ttcher\" class=\"wp-image-59\" srcset=\"https:\/\/xn--psychotherapie-rttcher-9hc.de\/wp-content\/uploads\/2020\/02\/header_web.png 610w, https:\/\/xn--psychotherapie-rttcher-9hc.de\/wp-content\/uploads\/2020\/02\/header_web-300x74.png 300w, https:\/\/xn--psychotherapie-rttcher-9hc.de\/wp-content\/uploads\/2020\/02\/header_web-600x148.png 600w\" sizes=\"auto, (max-width: 610px) 100vw, 610px\" \/><\/figure>\n\n\n\n<p><\/p>\n","protected":false},"excerpt":{"rendered":"<p>Neue Adresse (ab 01.03.2026): Becklohhof 1, Werne TERMINE F\u00dcR ERSTGESPR\u00c4CHE WERDEN AUSSCHLIE\u00dfLICH \u00dcBER DIE TELEFONISCHE SPRECHSTUNDE VERGEBEN: DIENSTAGS von 11.00-14.30 Uhr unter 0163-5453990 Sie haben sich entschlossen in einer f\u00fcr Sie schwierigen oder gar unertr\u00e4glichen Situation etwas f\u00fcr sich zu tun und Hilfe in Anspruch zu nehmen. Sie sind mit Ihren Problemen nicht allein. Etwas [&hellip;]<\/p>\n","protected":false},"author":1,"featured_media":0,"parent":0,"menu_order":1,"comment_status":"closed","ping_status":"closed","template":"","meta":{"footnotes":""},"class_list":["post-22","page","type-page","status-publish","hentry"],"_links":{"self":[{"href":"https:\/\/xn--psychotherapie-rttcher-9hc.de\/index.php?rest_route=\/wp\/v2\/pages\/22","targetHints":{"allow":["GET"]}}],"collection":[{"href":"https:\/\/xn--psychotherapie-rttcher-9hc.de\/index.php?rest_route=\/wp\/v2\/pages"}],"about":[{"href":"https:\/\/xn--psychotherapie-rttcher-9hc.de\/index.php?rest_route=\/wp\/v2\/types\/page"}],"author":[{"embeddable":true,"href":"https:\/\/xn--psychotherapie-rttcher-9hc.de\/index.php?rest_route=\/wp\/v2\/users\/1"}],"replies":[{"embeddable":true,"href":"https:\/\/xn--psychotherapie-rttcher-9hc.de\/index.php?rest_route=%2Fwp%2Fv2%2Fcomments&post=22"}],"version-history":[{"count":16,"href":"https:\/\/xn--psychotherapie-rttcher-9hc.de\/index.php?rest_route=\/wp\/v2\/pages\/22\/revisions"}],"predecessor-version":[{"id":128,"href":"https:\/\/xn--psychotherapie-rttcher-9hc.de\/index.php?rest_route=\/wp\/v2\/pages\/22\/revisions\/128"}],"wp:attachment":[{"href":"https:\/\/xn--psychotherapie-rttcher-9hc.de\/index.php?rest_route=%2Fwp%2Fv2%2Fmedia&parent=22"}],"curies":[{"name":"wp","href":"https:\/\/api.w.org\/{rel}","templated":true}]}}