{"id":20,"date":"2020-02-17T10:02:57","date_gmt":"2020-02-17T10:02:57","guid":{"rendered":"http:\/\/xn--psychotherapie-rttcher-9hc.de\/?page_id=20"},"modified":"2026-03-01T14:06:15","modified_gmt":"2026-03-01T14:06:15","slug":"praxis-informationen","status":"publish","type":"page","link":"https:\/\/xn--psychotherapie-rttcher-9hc.de\/?page_id=20","title":{"rendered":"Praxis-Infos"},"content":{"rendered":"\n<p>Bitte erscheinen Sie nur in der Praxis, wenn Sie zuvor mit mir einen Termin vereinbart haben.<\/p>\n\n\n\n<p>Meine Praxisadresse: Becklohhof 1, Werne<\/p>\n\n\n\n<p>Parkpl\u00e4tze befinden sich in den Nebenstra\u00dfen. <\/p>\n\n\n\n<p>Die Praxis ist \u00fcber \u00d6PNV (Bus\/Zug) erreichbar und barrierefrei.<\/p>\n\n\n\n<p>Klingeln\nSie bitte p\u00fcnktlich\n(bestenfalls auf die Minute), sofern Sie einen Termin haben. <\/p>\n\n\n\n<p><\/p>\n","protected":false},"excerpt":{"rendered":"<p>Bitte erscheinen Sie nur in der Praxis, wenn Sie zuvor mit mir einen Termin vereinbart haben. Meine Praxisadresse: Becklohhof 1, Werne Parkpl\u00e4tze befinden sich in den Nebenstra\u00dfen. Die Praxis ist \u00fcber \u00d6PNV (Bus\/Zug) erreichbar und barrierefrei. Klingeln Sie bitte p\u00fcnktlich (bestenfalls auf die Minute), sofern Sie einen Termin haben.<\/p>\n","protected":false},"author":1,"featured_media":0,"parent":0,"menu_order":4,"comment_status":"closed","ping_status":"closed","template":"","meta":{"footnotes":""},"class_list":["post-20","page","type-page","status-publish","hentry"],"_links":{"self":[{"href":"https:\/\/xn--psychotherapie-rttcher-9hc.de\/index.php?rest_route=\/wp\/v2\/pages\/20","targetHints":{"allow":["GET"]}}],"collection":[{"href":"https:\/\/xn--psychotherapie-rttcher-9hc.de\/index.php?rest_route=\/wp\/v2\/pages"}],"about":[{"href":"https:\/\/xn--psychotherapie-rttcher-9hc.de\/index.php?rest_route=\/wp\/v2\/types\/page"}],"author":[{"embeddable":true,"href":"https:\/\/xn--psychotherapie-rttcher-9hc.de\/index.php?rest_route=\/wp\/v2\/users\/1"}],"replies":[{"embeddable":true,"href":"https:\/\/xn--psychotherapie-rttcher-9hc.de\/index.php?rest_route=%2Fwp%2Fv2%2Fcomments&post=20"}],"version-history":[{"count":5,"href":"https:\/\/xn--psychotherapie-rttcher-9hc.de\/index.php?rest_route=\/wp\/v2\/pages\/20\/revisions"}],"predecessor-version":[{"id":124,"href":"https:\/\/xn--psychotherapie-rttcher-9hc.de\/index.php?rest_route=\/wp\/v2\/pages\/20\/revisions\/124"}],"wp:attachment":[{"href":"https:\/\/xn--psychotherapie-rttcher-9hc.de\/index.php?rest_route=%2Fwp%2Fv2%2Fmedia&parent=20"}],"curies":[{"name":"wp","href":"https:\/\/api.w.org\/{rel}","templated":true}]}}